{"id":17711,"date":"2025-12-02T18:12:34","date_gmt":"2025-12-02T23:12:34","guid":{"rendered":"https:\/\/certione.org\/?page_id=17711"},"modified":"2025-12-02T18:12:34","modified_gmt":"2025-12-02T23:12:34","slug":"badge-iso-27001-lead-auditor-pt","status":"publish","type":"page","link":"https:\/\/certione.org\/es\/badge-iso-27001-lead-auditor-pt\/","title":{"rendered":"He aprobado el examen ISO 27001 Lead Auditor."},"content":{"rendered":"<div data-elementor-type=\"wp-page\" data-elementor-id=\"17711\" class=\"elementor elementor-17711\" data-elementor-post-type=\"page\">\n\t\t\t\t\t\t<section class=\"elementor-section elementor-top-section elementor-element elementor-element-bd14ff0 elementor-section-boxed elementor-section-height-default elementor-section-height-default\" data-id=\"bd14ff0\" data-element_type=\"section\" data-e-type=\"section\">\n\t\t\t\t\t\t<div class=\"elementor-container elementor-column-gap-default\">\n\t\t\t\t\t<div class=\"elementor-column elementor-col-100 elementor-top-column elementor-element elementor-element-c74216e\" data-id=\"c74216e\" data-element_type=\"column\" data-e-type=\"column\">\n\t\t\t<div class=\"elementor-widget-wrap elementor-element-populated\">\n\t\t\t\t\t\t<div class=\"elementor-element elementor-element-0f16f22 elementor-widget elementor-widget-shortcode\" data-id=\"0f16f22\" data-element_type=\"widget\" data-e-type=\"widget\" data-widget_type=\"shortcode.default\">\n\t\t\t\t<div class=\"elementor-widget-container\">\n\t\t\t\t\t\t\t<div class=\"elementor-shortcode\"><style>\n        p.pskill{\n\t\t\ttext-align: justify;\n\t\t}\n        img.attachment-medium.size-medium{\n\t\t\twidth:340px\n\t\t}\n        \n        h1{font-size:32px;font-weight:700}\n        h2,h4{font-size:16px;font-weight:700}\n        #imgbg{width:35%}\n        #contbg{width:65%}\n        #badge{display:flex;justify-content:center:}\n        @media(max-width:500px){\n\t\t\t#imgbg{width:100%}\n\t\t\t#contbg{width:100%}\n\t\t\t#badge{display:block}\n\t\t}\n        button.btn.warning {\n\t\tcolor: #1F3A93;\n\t\tborder-color: #1F3A93;\n\t\tmargin: 5px;\n\t\tpointer-events: none;\n\t\tpadding: 10px 20px;\n\t\t} \n\t\t.color {\n\t\t\tcolor: #1F3A93;\n\t\t} \n\t\t.bgcolor {\n\t\t\tbackground-color: #1F3A93\n\t\t} \n    <\/style><div id=\"badge\">\n        <div id=\"imgbg\"><img fetchpriority=\"high\" decoding=\"async\" width=\"300\" height=\"231\" src=\"https:\/\/certione.org\/wp-content\/uploads\/2025\/07\/Recurso-30-300x231.png\" class=\"attachment-medium size-medium\" alt=\"\" srcset=\"https:\/\/certione.org\/wp-content\/uploads\/2025\/07\/Recurso-30-300x231.png 300w, https:\/\/certione.org\/wp-content\/uploads\/2025\/07\/Recurso-30-1024x787.png 1024w, https:\/\/certione.org\/wp-content\/uploads\/2025\/07\/Recurso-30-768x590.png 768w, https:\/\/certione.org\/wp-content\/uploads\/2025\/07\/Recurso-30-16x12.png 16w, https:\/\/certione.org\/wp-content\/uploads\/2025\/07\/Recurso-30-600x461.png 600w, https:\/\/certione.org\/wp-content\/uploads\/2025\/07\/Recurso-30.png 1439w\" sizes=\"(max-width: 300px) 100vw, 300px\" \/><\/div>\n        <div id=\"contbg\">\n            <div>\n                <h1>Auditor Jefe ISO 27001 I27001IA\/LA <\/h1>\n                <p>Emitido por <span style=\"color:#f68301\">Certione<\/span><\/p>\n                <p class=\"pskill\">Esta certificaci\u00f3n dota a los profesionales de conocimientos avanzados para planificar, ejecutar y dirigir auditor\u00edas del Sistema de Gesti\u00f3n de la Seguridad de la Informaci\u00f3n (SGSI) basadas en la norma ISO\/IEC 27001. Desarrolla competencias en auditor\u00eda basada en riesgos, evaluaci\u00f3n de controles, evaluaci\u00f3n de la conformidad y mejora continua, lo que permite a los auditores garantizar la seguridad de la informaci\u00f3n de la organizaci\u00f3n, la conformidad normativa y la resistencia frente a las ciberamenazas.<\/p>\n            <\/div>\n            <div>\n                <h2>Habilidades<\/h2>\n                <p><button class=\"btn warning\">Experiencia en ISO\/IEC 27001<\/button>\r\n<button class=\"btn warning\">Auditor\u00eda de seguridad de la informaci\u00f3n<\/button>\r\n<button class=\"btn warning\">Implantaci\u00f3n y evaluaci\u00f3n del SGSI<\/button>\r\n<button class=\"btn warning\">Evaluaci\u00f3n de riesgos y tratamiento<\/button>\r\n<button class=\"btn warning\">Evaluaci\u00f3n de los controles de seguridad<\/button>\r\n<button class=\"btn warning\">Planificaci\u00f3n e informes de auditor\u00eda<\/button>\r\n<button class=\"btn warning\">Cumplimiento y mejora continua<\/button><\/p>\n            <\/div>\n            <div>\n                <h2>Criterios Obtenidos<\/h2>\n                <p><strong><a class=\"row-title\" style=\"color: #000;\" href=\"http:\/\/certione.org\/es\/producto\/iso-27001-lead-auditor-i27001ia-la\/\">Auditor Jefe ISO 27001 I27001IA\/LA<\/a><\/strong><\/p>\n            <\/div>\n            <div>\n                <a href=\"https:\/\/certione.org\/es\/product\/iso-27001-lead-auditor\/\" class=\"bgcolor elementor-button elementor-button-link elementor-size-sm\" role=\"button\" target=\"_Blank\">\n                    <span class=\"elementor-button-text\">M\u00e1s informaci\u00f3n<\/span>\n                <\/a>\n            <\/div>\n            <div><br><hr><\/div>\n            <div style=\"display:flex;justify-content:center\">\n                <div style=\"width:50%\">\n                    <h4>Nombre:<\/h4>\n                    <p> <\/p>\n                    <h4>Fecha de finalizaci\u00f3n:<\/h4>\n                    <p><\/p>\n                <\/div>\n                <div style=\"width:50%\">\n                    <h4>Certificado ID:<\/h4>\n                    <p><\/p>\n                    <h4>V\u00e1lido hasta:<\/h4>\n                    <p>No caduca<\/p>\n                <\/div>\n            <\/div>\n            <div>\n                <div style=\"display:flex;justify-content:center\">\n                    <div style=\"width:50%\">\n                        <h4>Emitido por:<\/h4>\n                        <p><\/p>\n                    <\/div>\n                    <div style=\"width:50%\"><\/div>\n                <\/div>\n            <\/div>\n            <div style=\"display:flex;justify-content:center\">\n                <div style=\"width:50%\">\n                    <h4>Validar insignia:<\/h4>\n                    <a href=\"#popup-validador\" class=\"bgcolor elementor-button elementor-button-link elementor-size-sm\" role=\"button\" id=\"btn-validador\">\n                        <span class=\"elementor-button-text\">Validar<\/span>\n                    <\/a>\n                <\/div>\n                <div style=\"width:50%\">\n                    <div style=\"display:flex\">\n                        <div><\/div>\n\t\t\t\t\t\t<\/div>\n\t\t\t\t<\/div>\n\t\t\t\t\t<\/div>\n\t\t<\/div>\n\t\t\t\t\t<\/div>\n\t\t<\/section>\n\t\t\t\t<\/div>","protected":false},"excerpt":{"rendered":"","protected":false},"author":1,"featured_media":17584,"parent":0,"menu_order":0,"comment_status":"closed","ping_status":"closed","template":"","meta":{"_acf_changed":false,"footnotes":""},"class_list":["post-17711","page","type-page","status-publish","has-post-thumbnail","hentry"],"acf":[],"_links":{"self":[{"href":"https:\/\/certione.org\/es\/wp-json\/wp\/v2\/pages\/17711","targetHints":{"allow":["GET"]}}],"collection":[{"href":"https:\/\/certione.org\/es\/wp-json\/wp\/v2\/pages"}],"about":[{"href":"https:\/\/certione.org\/es\/wp-json\/wp\/v2\/types\/page"}],"author":[{"embeddable":true,"href":"https:\/\/certione.org\/es\/wp-json\/wp\/v2\/users\/1"}],"replies":[{"embeddable":true,"href":"https:\/\/certione.org\/es\/wp-json\/wp\/v2\/comments?post=17711"}],"version-history":[{"count":1,"href":"https:\/\/certione.org\/es\/wp-json\/wp\/v2\/pages\/17711\/revisions"}],"predecessor-version":[{"id":17712,"href":"https:\/\/certione.org\/es\/wp-json\/wp\/v2\/pages\/17711\/revisions\/17712"}],"wp:featuredmedia":[{"embeddable":true,"href":"https:\/\/certione.org\/es\/wp-json\/wp\/v2\/media\/17584"}],"wp:attachment":[{"href":"https:\/\/certione.org\/es\/wp-json\/wp\/v2\/media?parent=17711"}],"curies":[{"name":"wp","href":"https:\/\/api.w.org\/{rel}","templated":true}]}}