{"id":15084,"date":"2025-07-31T14:28:40","date_gmt":"2025-07-31T19:28:40","guid":{"rendered":"https:\/\/certione.org\/product\/business-model-canvas-professional-bmcp\/"},"modified":"2026-02-26T18:20:50","modified_gmt":"2026-02-26T23:20:50","slug":"business-model-canvas-professional-bmcp","status":"publish","type":"product","link":"https:\/\/certione.org\/es\/producto\/business-model-canvas-professional-bmcp\/","title":{"rendered":"Business Model Canvas Professional (BMCP)"},"content":{"rendered":"<p>El <strong>Business Model Canvas Professional (BMCP)<\/strong> est\u00e1 dise\u00f1ado para proporcionar una comprensi\u00f3n profunda y pr\u00e1ctica del dise\u00f1o de modelos de negocio utilizando herramientas visuales modernas. A trav\u00e9s del Business Model Canvas, los participantes aprender\u00e1n a visualizar y conectar elementos financieros y no financieros dentro de una estructura coherente que traduce la estrategia organizativa en resultados tangibles. El curso explora los fundamentos de Lean Startup, patrones de modelos de negocio, herramientas de ideaci\u00f3n y marcos estrat\u00e9gicos para construir modelos de negocio innovadores, sostenibles y adaptables.<\/p>","protected":false},"excerpt":{"rendered":"<p>La certificaci\u00f3n Business Model Canvas Professional (BMCP) est\u00e1 dise\u00f1ada para proporcionar una comprensi\u00f3n profunda y pr\u00e1ctica del dise\u00f1o de modelos de negocio utilizando herramientas visuales modernas. A trav\u00e9s del Business Model Canvas, los participantes aprender\u00e1n a visualizar y conectar...<\/p>","protected":false},"featured_media":15116,"comment_status":"open","ping_status":"closed","template":"","meta":{"_acf_changed":false},"product_brand":[],"product_cat":[304],"product_tag":[],"class_list":{"0":"post-15084","1":"product","2":"type-product","3":"status-publish","4":"has-post-thumbnail","6":"product_cat-product-management","8":"first","9":"instock","10":"sold-individually","11":"shipping-taxable","12":"purchasable","13":"product-type-variable"},"acf":[],"_links":{"self":[{"href":"https:\/\/certione.org\/es\/wp-json\/wp\/v2\/product\/15084","targetHints":{"allow":["GET"]}}],"collection":[{"href":"https:\/\/certione.org\/es\/wp-json\/wp\/v2\/product"}],"about":[{"href":"https:\/\/certione.org\/es\/wp-json\/wp\/v2\/types\/product"}],"replies":[{"embeddable":true,"href":"https:\/\/certione.org\/es\/wp-json\/wp\/v2\/comments?post=15084"}],"wp:featuredmedia":[{"embeddable":true,"href":"https:\/\/certione.org\/es\/wp-json\/wp\/v2\/media\/15116"}],"wp:attachment":[{"href":"https:\/\/certione.org\/es\/wp-json\/wp\/v2\/media?parent=15084"}],"wp:term":[{"taxonomy":"product_brand","embeddable":true,"href":"https:\/\/certione.org\/es\/wp-json\/wp\/v2\/product_brand?post=15084"},{"taxonomy":"product_cat","embeddable":true,"href":"https:\/\/certione.org\/es\/wp-json\/wp\/v2\/product_cat?post=15084"},{"taxonomy":"product_tag","embeddable":true,"href":"https:\/\/certione.org\/es\/wp-json\/wp\/v2\/product_tag?post=15084"}],"curies":[{"name":"wp","href":"https:\/\/api.w.org\/{rel}","templated":true}]}}