{"id":15098,"date":"2025-07-31T14:28:42","date_gmt":"2025-07-31T19:28:42","guid":{"rendered":"https:\/\/certione.org\/product\/iso-27001-lead-auditor-i27001ia-la\/"},"modified":"2026-02-26T18:32:37","modified_gmt":"2026-02-26T23:32:37","slug":"iso-27001-lead-auditor-i27001ia-la","status":"publish","type":"product","link":"https:\/\/certione.org\/es\/producto\/iso-27001-lead-auditor-i27001ia-la\/","title":{"rendered":"ISO 27001 LEAD AUDITOR (I27001IA\/LA)"},"content":{"rendered":"<p>El <strong>Auditor jefe ISO 27001<\/strong> est\u00e1 dise\u00f1ada para validar los conocimientos y habilidades necesarios para auditar un Sistema de Gesti\u00f3n de la Seguridad de la Informaci\u00f3n (SGSI) de acuerdo con la norma ISO\/IEC 27001:2022. La formaci\u00f3n abarca la seguridad de la informaci\u00f3n, la ciberseguridad y la protecci\u00f3n de la privacidad, y prepara a los profesionales para dirigir auditor\u00edas internas y externas utilizando las directrices de la norma ISO 19011.<\/p>\n<p>Este curso incluye presentaciones te\u00f3ricas, ejemplos pr\u00e1cticos y talleres para ayudar a los participantes a desarrollar s\u00f3lidas competencias de auditor\u00eda.<\/p>\n<h3><\/h3>","protected":false},"excerpt":{"rendered":"<p>El <strong>Auditor jefe ISO 27001<\/strong> est\u00e1 dise\u00f1ada para validar los conocimientos y habilidades necesarios para auditar un Sistema de Gesti\u00f3n de la Seguridad de la Informaci\u00f3n (SGSI) de acuerdo con la norma ISO\/IEC 27001:2022. La formaci\u00f3n abarca la seguridad de la informaci\u00f3n, la ciberseguridad y la protecci\u00f3n de la privacidad, y prepara a los profesionales para dirigir auditor\u00edas internas y externas utilizando las directrices de la norma ISO 19011.<\/p>\n<p>Este curso incluye presentaciones te\u00f3ricas, ejemplos pr\u00e1cticos y talleres para ayudar a los participantes a desarrollar s\u00f3lidas competencias de auditor\u00eda.<\/p>","protected":false},"featured_media":15134,"comment_status":"open","ping_status":"closed","template":"","meta":{"_acf_changed":false},"product_brand":[],"product_cat":[295],"product_tag":[],"class_list":{"0":"post-15098","1":"product","2":"type-product","3":"status-publish","4":"has-post-thumbnail","6":"product_cat-iso","8":"first","9":"instock","10":"sold-individually","11":"shipping-taxable","12":"purchasable","13":"product-type-variable"},"acf":[],"_links":{"self":[{"href":"https:\/\/certione.org\/es\/wp-json\/wp\/v2\/product\/15098","targetHints":{"allow":["GET"]}}],"collection":[{"href":"https:\/\/certione.org\/es\/wp-json\/wp\/v2\/product"}],"about":[{"href":"https:\/\/certione.org\/es\/wp-json\/wp\/v2\/types\/product"}],"replies":[{"embeddable":true,"href":"https:\/\/certione.org\/es\/wp-json\/wp\/v2\/comments?post=15098"}],"wp:featuredmedia":[{"embeddable":true,"href":"https:\/\/certione.org\/es\/wp-json\/wp\/v2\/media\/15134"}],"wp:attachment":[{"href":"https:\/\/certione.org\/es\/wp-json\/wp\/v2\/media?parent=15098"}],"wp:term":[{"taxonomy":"product_brand","embeddable":true,"href":"https:\/\/certione.org\/es\/wp-json\/wp\/v2\/product_brand?post=15098"},{"taxonomy":"product_cat","embeddable":true,"href":"https:\/\/certione.org\/es\/wp-json\/wp\/v2\/product_cat?post=15098"},{"taxonomy":"product_tag","embeddable":true,"href":"https:\/\/certione.org\/es\/wp-json\/wp\/v2\/product_tag?post=15098"}],"curies":[{"name":"wp","href":"https:\/\/api.w.org\/{rel}","templated":true}]}}