{"id":5972,"date":"2022-03-01T18:09:10","date_gmt":"2022-03-01T23:09:10","guid":{"rendered":"https:\/\/certione.org\/?page_id=5972"},"modified":"2026-02-26T16:50:38","modified_gmt":"2026-02-26T21:50:38","slug":"badge-scrum-foundation-professional-sfp","status":"publish","type":"page","link":"https:\/\/certione.org\/pt\/badge-scrum-foundation-professional-sfp\/","title":{"rendered":"Passei no exame SCRUM FOUNDATION PROFESSIONAL (SFP)!"},"content":{"rendered":"<div data-elementor-type=\"wp-page\" data-elementor-id=\"5972\" class=\"elementor elementor-5972\" data-elementor-post-type=\"page\">\n\t\t\t\t\t\t<section class=\"elementor-section elementor-top-section elementor-element elementor-element-bd14ff0 elementor-section-boxed elementor-section-height-default elementor-section-height-default\" data-id=\"bd14ff0\" data-element_type=\"section\" data-e-type=\"section\">\n\t\t\t\t\t\t<div class=\"elementor-container elementor-column-gap-default\">\n\t\t\t\t\t<div class=\"elementor-column elementor-col-100 elementor-top-column elementor-element elementor-element-c74216e\" data-id=\"c74216e\" data-element_type=\"column\" data-e-type=\"column\">\n\t\t\t<div class=\"elementor-widget-wrap elementor-element-populated\">\n\t\t\t\t\t\t<div class=\"elementor-element elementor-element-0f16f22 elementor-widget elementor-widget-shortcode\" data-id=\"0f16f22\" data-element_type=\"widget\" data-e-type=\"widget\" data-widget_type=\"shortcode.default\">\n\t\t\t\t<div class=\"elementor-widget-container\">\n\t\t\t\t\t\t\t<div class=\"elementor-shortcode\"><style>\n        p.pskill{\n\t\t\ttext-align: justify;\n\t\t}\n        img.attachment-medium.size-medium{\n\t\t\twidth:340px\n\t\t}\n        \n        h1{font-size:32px;font-weight:700}\n        h2,h4{font-size:16px;font-weight:700}\n        #imgbg{width:35%}\n        #contbg{width:65%}\n        #badge{display:flex;justify-content:center:}\n        @media(max-width:500px){\n\t\t\t#imgbg{width:100%}\n\t\t\t#contbg{width:100%}\n\t\t\t#badge{display:block}\n\t\t}\n        button.btn.warning {\n\t\tcolor: #f68301;\n\t\tborder-color: #f68301;\n\t\tmargin: 5px;\n\t\tpointer-events: none;\n\t\tpadding: 10px 20px;\n\t\t} \n\t\t.color {\n\t\t\tcolor: #f68301;\n\t\t} \n\t\t.bgcolor {\n\t\t\tbackground-color: #f68301\n\t\t} \n    <\/style><div id=\"badge\">\n        <div id=\"imgbg\"><img fetchpriority=\"high\" decoding=\"async\" width=\"300\" height=\"228\" src=\"https:\/\/certione.org\/wp-content\/uploads\/2021\/07\/INSIGNIAS_Mesa-de-trabajo-1-copia-3-300x228.png\" class=\"attachment-medium size-medium\" alt=\"\" srcset=\"https:\/\/certione.org\/wp-content\/uploads\/2021\/07\/INSIGNIAS_Mesa-de-trabajo-1-copia-3-300x228.png 300w, https:\/\/certione.org\/wp-content\/uploads\/2021\/07\/INSIGNIAS_Mesa-de-trabajo-1-copia-3-768x583.png 768w, https:\/\/certione.org\/wp-content\/uploads\/2021\/07\/INSIGNIAS_Mesa-de-trabajo-1-copia-3-1024x778.png 1024w, https:\/\/certione.org\/wp-content\/uploads\/2021\/07\/INSIGNIAS_Mesa-de-trabajo-1-copia-3-16x12.png 16w, https:\/\/certione.org\/wp-content\/uploads\/2021\/07\/INSIGNIAS_Mesa-de-trabajo-1-copia-3-600x456.png 600w, https:\/\/certione.org\/wp-content\/uploads\/2021\/07\/INSIGNIAS_Mesa-de-trabajo-1-copia-3.png 1398w\" sizes=\"(max-width: 300px) 100vw, 300px\" \/><\/div>\n        <div id=\"contbg\">\n            <div>\n                <h1>Profissional de Fundamentos do Scrum SFP\u2122 <\/h1>\n                <p>Emitido por <span style=\"color:#f68301\">Certione<\/span><\/p>\n                <p class=\"pskill\">O Scrum Foundation Professional (SFP) atesta o dom\u00ednio fundamental de um profissional sobre o framework Scrum. Os ganhadores demonstraram uma compreens\u00e3o clara dos pilares emp\u00edricos - Transpar\u00eancia, Inspe\u00e7\u00e3o e Adapta\u00e7\u00e3o - e possuem as habilidades essenciais necess\u00e1rias para se concentrar efetivamente na execu\u00e7\u00e3o do Sprint e no progresso em dire\u00e7\u00e3o \u00e0s metas definidas.<\/p>\n            <\/div>\n            <div>\n                <h2>Habilidades<\/h2>\n                <p><button class=\"btn warning\">Fundamentos do Scrum<\/button>\r\n<button class=\"btn warning\">Fun\u00e7\u00f5es do Scrum<\/button>\r\n<button class=\"btn warning\">Artefatos do Scrum<\/button>\r\n<button class=\"btn warning\">Eventos Scrum<\/button>\r\n<button class=\"btn warning\">Trabalho em equipe \u00e1gil<\/button>\r\n<button class=\"btn warning\">Melhoria cont\u00ednua<\/button>\r\n<button class=\"btn warning\">Abordagem iterativa e incremental<\/button><\/p>\n            <\/div>\n            <div>\n                <h2>Crit\u00e9rios de ganhos<\/h2>\n                <p><strong><a class=\"row-title\" style=\"color: #000;\" href=\"http:\/\/certione.org\/pt\/produto\/scrum-foundation-profesional-sfp\/\">Profissional Scrum Foundation<\/a><\/strong><\/p>\n            <\/div>\n            <div>\n                <a href=\"https:\/\/certione.org\/pt\/product\/scrum-foundation-professional-sfp\/\" class=\"bgcolor elementor-button elementor-button-link elementor-size-sm\" role=\"button\" target=\"_Blank\">\n                    <span class=\"elementor-button-text\">Saiba mais<\/span>\n                <\/a>\n            <\/div>\n            <div><br><hr><\/div>\n            <div style=\"display:flex;justify-content:center\">\n                <div style=\"width:50%\">\n                    <h4>Nome:<\/h4>\n                    <p> <\/p>\n                    <h4>Data de conclus\u00e3o:<\/h4>\n                    <p><\/p>\n                <\/div>\n                <div style=\"width:50%\">\n                    <h4>ID do certificado:<\/h4>\n                    <p><\/p>\n                    <h4>V\u00e1lido at\u00e9:<\/h4>\n                    <p>Nunca expira<\/p>\n                <\/div>\n            <\/div>\n            <div>\n                <div style=\"display:flex;justify-content:center\">\n                    <div style=\"width:50%\">\n                        <h4>Emitido por:<\/h4>\n                        <p><\/p>\n                    <\/div>\n                    <div style=\"width:50%\"><\/div>\n                <\/div>\n            <\/div>\n            <div style=\"display:flex;justify-content:center\">\n                <div style=\"width:50%\">\n                    <h4>Validar crach\u00e1:<\/h4>\n                    <a href=\"#popup-validador\" class=\"bgcolor elementor-button elementor-button-link elementor-size-sm\" role=\"button\" id=\"btn-validador\">\n                        <span class=\"elementor-button-text\">Validar<\/span>\n                    <\/a>\n                <\/div>\n                <div style=\"width:50%\">\n                    <div style=\"display:flex\">\n                        <div><\/div>\n\t\t\t\t\t\t<\/div>\n\t\t\t\t<\/div>\n\t\t\t\t\t<\/div>\n\t\t<\/div>\n\t\t\t\t\t<\/div>\n\t\t<\/section>\n\t\t\t\t<\/div>","protected":false},"excerpt":{"rendered":"","protected":false},"author":1,"featured_media":19551,"parent":0,"menu_order":0,"comment_status":"closed","ping_status":"closed","template":"","meta":{"_acf_changed":false,"footnotes":""},"class_list":["post-5972","page","type-page","status-publish","has-post-thumbnail","hentry"],"acf":[],"_links":{"self":[{"href":"https:\/\/certione.org\/pt\/wp-json\/wp\/v2\/pages\/5972","targetHints":{"allow":["GET"]}}],"collection":[{"href":"https:\/\/certione.org\/pt\/wp-json\/wp\/v2\/pages"}],"about":[{"href":"https:\/\/certione.org\/pt\/wp-json\/wp\/v2\/types\/page"}],"author":[{"embeddable":true,"href":"https:\/\/certione.org\/pt\/wp-json\/wp\/v2\/users\/1"}],"replies":[{"embeddable":true,"href":"https:\/\/certione.org\/pt\/wp-json\/wp\/v2\/comments?post=5972"}],"version-history":[{"count":2,"href":"https:\/\/certione.org\/pt\/wp-json\/wp\/v2\/pages\/5972\/revisions"}],"predecessor-version":[{"id":15326,"href":"https:\/\/certione.org\/pt\/wp-json\/wp\/v2\/pages\/5972\/revisions\/15326"}],"wp:featuredmedia":[{"embeddable":true,"href":"https:\/\/certione.org\/pt\/wp-json\/wp\/v2\/media\/19551"}],"wp:attachment":[{"href":"https:\/\/certione.org\/pt\/wp-json\/wp\/v2\/media?parent=5972"}],"curies":[{"name":"wp","href":"https:\/\/api.w.org\/{rel}","templated":true}]}}