{"id":3655,"date":"2021-07-26T12:51:43","date_gmt":"2021-07-26T17:51:43","guid":{"rendered":"https:\/\/certione.org\/?post_type=product&#038;p=3655"},"modified":"2026-02-26T18:40:47","modified_gmt":"2026-02-26T23:40:47","slug":"scrum-foundation-profesional-sfp","status":"publish","type":"product","link":"https:\/\/certione.org\/pt\/produto\/scrum-foundation-profesional-sfp\/","title":{"rendered":"Scrum Foundation Professional (SFP)"},"content":{"rendered":"<p>La certifica\u00e7\u00e3o Profissional da Funda\u00e7\u00e3o Scrum (SFP) credencia o conhecimento e a gest\u00e3o da agilidade e do framework Scrum.<\/p>","protected":false},"excerpt":{"rendered":"<p>La certifica\u00e7\u00e3o Profissional da Funda\u00e7\u00e3o Scrum (SFP) credencia o conhecimento e a gest\u00e3o da agilidade e do framework Scrum.<\/p>","protected":false},"featured_media":5166,"comment_status":"open","ping_status":"closed","template":"","meta":{"_acf_changed":false},"product_brand":[],"product_cat":[218],"product_tag":[],"class_list":{"0":"post-3655","1":"product","2":"type-product","3":"status-publish","4":"has-post-thumbnail","6":"product_cat-agile-certifications","8":"first","9":"instock","10":"sold-individually","11":"shipping-taxable","12":"purchasable","13":"product-type-variable"},"acf":[],"_links":{"self":[{"href":"https:\/\/certione.org\/pt\/wp-json\/wp\/v2\/product\/3655","targetHints":{"allow":["GET"]}}],"collection":[{"href":"https:\/\/certione.org\/pt\/wp-json\/wp\/v2\/product"}],"about":[{"href":"https:\/\/certione.org\/pt\/wp-json\/wp\/v2\/types\/product"}],"replies":[{"embeddable":true,"href":"https:\/\/certione.org\/pt\/wp-json\/wp\/v2\/comments?post=3655"}],"wp:featuredmedia":[{"embeddable":true,"href":"https:\/\/certione.org\/pt\/wp-json\/wp\/v2\/media\/5166"}],"wp:attachment":[{"href":"https:\/\/certione.org\/pt\/wp-json\/wp\/v2\/media?parent=3655"}],"wp:term":[{"taxonomy":"product_brand","embeddable":true,"href":"https:\/\/certione.org\/pt\/wp-json\/wp\/v2\/product_brand?post=3655"},{"taxonomy":"product_cat","embeddable":true,"href":"https:\/\/certione.org\/pt\/wp-json\/wp\/v2\/product_cat?post=3655"},{"taxonomy":"product_tag","embeddable":true,"href":"https:\/\/certione.org\/pt\/wp-json\/wp\/v2\/product_tag?post=3655"}],"curies":[{"name":"wp","href":"https:\/\/api.w.org\/{rel}","templated":true}]}}